{"id":94,"date":"2026-01-29T18:59:36","date_gmt":"2026-01-29T21:59:36","guid":{"rendered":"https:\/\/diagnova.com.ar\/?page_id=94"},"modified":"2026-01-29T22:11:48","modified_gmt":"2026-01-30T01:11:48","slug":"nosotros","status":"publish","type":"page","link":"https:\/\/diagnova.com.ar\/index.php\/nosotros\/","title":{"rendered":"Nosotros"},"content":{"rendered":"\t\t<div data-elementor-type=\"wp-page\" data-elementor-id=\"94\" class=\"elementor elementor-94\" data-elementor-post-type=\"page\">\n\t\t\t\t<div data-particle_enable=\"false\" data-particle-mobile-disabled=\"false\" class=\"elementor-element elementor-element-ea930c1 e-flex e-con-boxed e-con e-parent\" data-id=\"ea930c1\" data-element_type=\"container\" data-e-type=\"container\">\n\t\t\t\t\t<div class=\"e-con-inner\">\n\t\t\t\t<div class=\"elementor-element elementor-element-5ba4423 elementor--h-position-left elementor--v-position-bottom elementor-arrows-position-inside elementor-pagination-position-inside elementor-widget elementor-widget-slides\" data-id=\"5ba4423\" data-element_type=\"widget\" data-e-type=\"widget\" id=\"slider-home\" data-settings=\"{&quot;navigation&quot;:&quot;both&quot;,&quot;autoplay&quot;:&quot;yes&quot;,&quot;pause_on_hover&quot;:&quot;yes&quot;,&quot;pause_on_interaction&quot;:&quot;yes&quot;,&quot;autoplay_speed&quot;:5000,&quot;infinite&quot;:&quot;yes&quot;,&quot;transition&quot;:&quot;slide&quot;,&quot;transition_speed&quot;:500}\" data-widget_type=\"slides.default\">\n\t\t\t\t\t\t\t\t\t\t<div class=\"elementor-slides-wrapper elementor-main-swiper swiper\" role=\"region\" aria-roledescription=\"carousel\" aria-label=\"Slides\" dir=\"ltr\" data-animation=\"fadeInUp\">\r\n\t\t\t\t<div class=\"swiper-wrapper elementor-slides\">\r\n\t\t\t\t\t\t\t\t\t\t<div class=\"elementor-repeater-item-75978d5 swiper-slide\" role=\"group\" aria-roledescription=\"slide\"><div class=\"swiper-slide-bg\" role=\"img\" aria-label=\"slider2\"><\/div><div class=\"swiper-slide-inner\" ><div class=\"swiper-slide-contents\"><div class=\"elementor-slide-heading\">NOSOTROS<\/div><div class=\"elementor-slide-description\">Tecnolog\u00eda e Innovaci\u00f3n <br>\npara la salud<\/div><\/div><\/div><\/div>\t\t\t\t<\/div>\r\n\t\t\t\t\t\t\t<\/div>\r\n\t\t\t\t\t\t\t\t<\/div>\n\t\t\t\t\t<\/div>\n\t\t\t\t<\/div>\n\t\t<div data-particle_enable=\"false\" data-particle-mobile-disabled=\"false\" class=\"elementor-element elementor-element-2adfca6 e-con-full e-flex e-con e-parent\" data-id=\"2adfca6\" data-element_type=\"container\" data-e-type=\"container\" data-settings=\"{&quot;background_background&quot;:&quot;classic&quot;}\">\n\t\t<div data-particle_enable=\"false\" data-particle-mobile-disabled=\"false\" class=\"elementor-element elementor-element-1e77a2b e-flex e-con-boxed e-con e-child\" data-id=\"1e77a2b\" data-element_type=\"container\" data-e-type=\"container\">\n\t\t\t\t\t<div class=\"e-con-inner\">\n\t\t\t\t<div class=\"elementor-element elementor-element-30beb04 elementor-widget elementor-widget-text-editor\" data-id=\"30beb04\" data-element_type=\"widget\" data-e-type=\"widget\" data-widget_type=\"text-editor.default\">\n\t\t\t\t\t\t\t\t\t<p><strong>Diagnova<\/strong> se especializa en ofrecer tecnolog\u00eda de <strong>diagn\u00f3stico y servicios para el sistema de salud de peque\u00f1a y mediana escala<\/strong>, dispositivos accesibles que impactan directamente en la relaci\u00f3n entre el profesional y el paciente. Nos enfocamos en seleccionar productos de calidad probada y en la b\u00fasqueda constante de nuevas soluciones en el mercado internacional aportando respaldo local.<\/p><p><br \/>Nuestro equipo combina la experiencia de <strong>profesionales de la salud con un equipo empresario experto <\/strong><strong>en comercio exterior, tecnolog\u00eda e innovaci\u00f3n<\/strong>, asegurando un puente s\u00f3lido entre la innovaci\u00f3n global y la pr\u00e1ctica m\u00e9dica en Argentina. (Este punto lo podemos reforzar con aportes de Innova y aliados estrat\u00e9gicos).<\/p><p><br \/>De cara al futuro, nuestro compromiso es seguir ampliando la oferta de productos y servicios, siempre con el objetivo de<strong> dar acceso a tecnolog\u00eda innovadora con respaldo y asistencia local<\/strong> para los profesionales y las instituciones de la salud.<\/p>\t\t\t\t\t\t\t\t<\/div>\n\t\t\t\t\t<\/div>\n\t\t\t\t<\/div>\n\t\t\t\t<\/div>\n\t\t<div data-particle_enable=\"false\" data-particle-mobile-disabled=\"false\" class=\"elementor-element elementor-element-bc33910 e-flex e-con-boxed e-con e-parent\" data-id=\"bc33910\" data-element_type=\"container\" data-e-type=\"container\">\n\t\t\t\t\t<div class=\"e-con-inner\">\n\t\t<div data-particle_enable=\"false\" data-particle-mobile-disabled=\"false\" class=\"elementor-element elementor-element-9b54180 e-con-full e-flex e-con e-child\" data-id=\"9b54180\" data-element_type=\"container\" data-e-type=\"container\" data-settings=\"{&quot;background_background&quot;:&quot;classic&quot;}\">\n\t\t\t\t<div class=\"elementor-element elementor-element-9a9f315 elementor-widget elementor-widget-text-editor\" data-id=\"9a9f315\" data-element_type=\"widget\" data-e-type=\"widget\" data-widget_type=\"text-editor.default\">\n\t\t\t\t\t\t\t\t\t<p><strong>\u00a0 \u00a0 \u00a0VALORES<br \/><\/strong><\/p><ul><li>Presencia y respuesta personalizada<\/li><li>Confianza fundada en una s\u00f3lida experiencia<\/li><li>Una oferta accesible y flexible<\/li><li>Compromiso permanente con la innovaci\u00f3n<\/li><li>Respaldo local y proximidad<\/li><\/ul>\t\t\t\t\t\t\t\t<\/div>\n\t\t\t\t<\/div>\n\t\t<div data-particle_enable=\"false\" data-particle-mobile-disabled=\"false\" class=\"elementor-element elementor-element-42e9e2d e-con-full e-flex e-con e-child\" data-id=\"42e9e2d\" data-element_type=\"container\" data-e-type=\"container\">\n\t\t\t\t<\/div>\n\t\t<div data-particle_enable=\"false\" data-particle-mobile-disabled=\"false\" class=\"elementor-element elementor-element-7041557 e-con-full e-flex e-con e-child\" data-id=\"7041557\" data-element_type=\"container\" data-e-type=\"container\">\n\t\t\t\t<\/div>\n\t\t<div data-particle_enable=\"false\" data-particle-mobile-disabled=\"false\" class=\"elementor-element elementor-element-917e42b e-con-full e-flex e-con e-child\" data-id=\"917e42b\" data-element_type=\"container\" data-e-type=\"container\">\n\t\t\t\t<\/div>\n\t\t\t\t\t<\/div>\n\t\t\t\t<\/div>\n\t\t\t\t<\/div>\n\t\t","protected":false},"excerpt":{"rendered":"<p>NOSOTROSTecnolog\u00eda e Innovaci\u00f3n para la salud Diagnova se especializa en ofrecer tecnolog\u00eda de diagn\u00f3stico y servicios para el sistema de salud de peque\u00f1a y mediana escala, dispositivos accesibles que impactan directamente en la relaci\u00f3n entre el profesional y el paciente. Nos enfocamos en seleccionar productos de calidad probada y en la b\u00fasqueda constante de nuevas [&hellip;]<\/p>\n","protected":false},"author":1,"featured_media":0,"parent":0,"menu_order":0,"comment_status":"closed","ping_status":"closed","template":"","meta":{"footnotes":""},"class_list":["post-94","page","type-page","status-publish","hentry"],"_links":{"self":[{"href":"https:\/\/diagnova.com.ar\/index.php\/wp-json\/wp\/v2\/pages\/94","targetHints":{"allow":["GET"]}}],"collection":[{"href":"https:\/\/diagnova.com.ar\/index.php\/wp-json\/wp\/v2\/pages"}],"about":[{"href":"https:\/\/diagnova.com.ar\/index.php\/wp-json\/wp\/v2\/types\/page"}],"author":[{"embeddable":true,"href":"https:\/\/diagnova.com.ar\/index.php\/wp-json\/wp\/v2\/users\/1"}],"replies":[{"embeddable":true,"href":"https:\/\/diagnova.com.ar\/index.php\/wp-json\/wp\/v2\/comments?post=94"}],"version-history":[{"count":34,"href":"https:\/\/diagnova.com.ar\/index.php\/wp-json\/wp\/v2\/pages\/94\/revisions"}],"predecessor-version":[{"id":130,"href":"https:\/\/diagnova.com.ar\/index.php\/wp-json\/wp\/v2\/pages\/94\/revisions\/130"}],"wp:attachment":[{"href":"https:\/\/diagnova.com.ar\/index.php\/wp-json\/wp\/v2\/media?parent=94"}],"curies":[{"name":"wp","href":"https:\/\/api.w.org\/{rel}","templated":true}]}}